{"id":10900,"date":"2025-02-05T10:02:58","date_gmt":"2025-02-05T09:02:58","guid":{"rendered":"https:\/\/www.sams-industrie.fr\/product\/lame-reference-3\/"},"modified":"2025-02-19T12:04:33","modified_gmt":"2025-02-19T11:04:33","slug":"lame-reference-3","status":"publish","type":"product","link":"https:\/\/www.sams-industrie.fr\/en\/product\/lame-reference-3\/","title":{"rendered":"Blade<br> Reference FJ-1000-003"},"content":{"rendered":"","protected":false},"excerpt":{"rendered":"<p>RAPIDEX, SAMS SMB12<br \/> R\u00e9f\u00e9rence constructeur : FJ-1000-003<br \/> R\u00e9f\u00e9rences \u00e9quivalentes : FJ1000003 \/ MFJ1000003 \/ RAPFJ1000003<\/p>","protected":false},"featured_media":0,"comment_status":"open","ping_status":"closed","template":"","meta":[],"_links":{"self":[{"href":"https:\/\/www.sams-industrie.fr\/en\/wp-json\/wp\/v2\/product\/10900"}],"collection":[{"href":"https:\/\/www.sams-industrie.fr\/en\/wp-json\/wp\/v2\/product"}],"about":[{"href":"https:\/\/www.sams-industrie.fr\/en\/wp-json\/wp\/v2\/types\/product"}],"replies":[{"embeddable":true,"href":"https:\/\/www.sams-industrie.fr\/en\/wp-json\/wp\/v2\/comments?post=10900"}],"wp:attachment":[{"href":"https:\/\/www.sams-industrie.fr\/en\/wp-json\/wp\/v2\/media?parent=10900"}],"curies":[{"name":"wp","href":"https:\/\/api.w.org\/{rel}","templated":true}]}}