{"id":10899,"date":"2025-02-05T10:02:58","date_gmt":"2025-02-05T09:02:58","guid":{"rendered":"https:\/\/www.sams-industrie.fr\/product\/pastille-feutre-reference-4\/"},"modified":"2025-02-19T12:04:32","modified_gmt":"2025-02-19T11:04:32","slug":"pastille-feutre-reference-4","status":"publish","type":"product","link":"https:\/\/www.sams-industrie.fr\/en\/product\/pastille-feutre-reference-4\/","title":{"rendered":"Felt pad<br> Reference 300-750-67"},"content":{"rendered":"","protected":false},"excerpt":{"rendered":"<p>SIMCA SIMCA<br \/> R\u00e9f\u00e9rence constructeur : 300-750-67<br \/> R\u00e9f\u00e9rences \u00e9quivalentes : 30075067 \/ M30075067 \/ RAP30075067<\/p>","protected":false},"featured_media":0,"comment_status":"open","ping_status":"closed","template":"","meta":[],"_links":{"self":[{"href":"https:\/\/www.sams-industrie.fr\/en\/wp-json\/wp\/v2\/product\/10899"}],"collection":[{"href":"https:\/\/www.sams-industrie.fr\/en\/wp-json\/wp\/v2\/product"}],"about":[{"href":"https:\/\/www.sams-industrie.fr\/en\/wp-json\/wp\/v2\/types\/product"}],"replies":[{"embeddable":true,"href":"https:\/\/www.sams-industrie.fr\/en\/wp-json\/wp\/v2\/comments?post=10899"}],"wp:attachment":[{"href":"https:\/\/www.sams-industrie.fr\/en\/wp-json\/wp\/v2\/media?parent=10899"}],"curies":[{"name":"wp","href":"https:\/\/api.w.org\/{rel}","templated":true}]}}