{"id":10870,"date":"2025-02-05T10:02:41","date_gmt":"2025-02-05T09:02:41","guid":{"rendered":"https:\/\/www.sams-industrie.fr\/product\/pignon-entree-differentiel-reference\/"},"modified":"2025-02-19T12:04:11","modified_gmt":"2025-02-19T11:04:11","slug":"pignon-entree-differentiel-reference","status":"publish","type":"product","link":"https:\/\/www.sams-industrie.fr\/en\/product\/pignon-entree-differentiel-reference\/","title":{"rendered":"Differential input pinion<br> Reference BK-011-002"},"content":{"rendered":"","protected":false},"excerpt":{"rendered":"<p>RAPIDEX Inline Stapler<br \/> R\u00e9f\u00e9rence constructeur : BK-011-002<br \/> R\u00e9f\u00e9rences \u00e9quivalentes : BK011002 \/ MBK011002 \/ RAPBK011002<\/p>","protected":false},"featured_media":0,"comment_status":"open","ping_status":"closed","template":"","meta":[],"_links":{"self":[{"href":"https:\/\/www.sams-industrie.fr\/en\/wp-json\/wp\/v2\/product\/10870"}],"collection":[{"href":"https:\/\/www.sams-industrie.fr\/en\/wp-json\/wp\/v2\/product"}],"about":[{"href":"https:\/\/www.sams-industrie.fr\/en\/wp-json\/wp\/v2\/types\/product"}],"replies":[{"embeddable":true,"href":"https:\/\/www.sams-industrie.fr\/en\/wp-json\/wp\/v2\/comments?post=10870"}],"wp:attachment":[{"href":"https:\/\/www.sams-industrie.fr\/en\/wp-json\/wp\/v2\/media?parent=10870"}],"curies":[{"name":"wp","href":"https:\/\/api.w.org\/{rel}","templated":true}]}}