{"id":10868,"date":"2025-02-05T10:02:39","date_gmt":"2025-02-05T09:02:39","guid":{"rendered":"https:\/\/www.sams-industrie.fr\/product\/arbre-de-deplacement-concorde-reference\/"},"modified":"2025-02-19T12:04:09","modified_gmt":"2025-02-19T11:04:09","slug":"arbre-de-deplacement-concorde-reference","status":"publish","type":"product","link":"https:\/\/www.sams-industrie.fr\/en\/product\/arbre-de-deplacement-concorde-reference\/","title":{"rendered":"Concorde travel tree<br> Reference BG-017-611"},"content":{"rendered":"","protected":false},"excerpt":{"rendered":"<p>RAPIDEX Inline Stapler<br \/> R\u00e9f\u00e9rence constructeur : BG-017-611<br \/> R\u00e9f\u00e9rences \u00e9quivalentes : BG017611 \/ MBG017611 \/ RAPBG017611<\/p>","protected":false},"featured_media":0,"comment_status":"open","ping_status":"closed","template":"","meta":[],"_links":{"self":[{"href":"https:\/\/www.sams-industrie.fr\/en\/wp-json\/wp\/v2\/product\/10868"}],"collection":[{"href":"https:\/\/www.sams-industrie.fr\/en\/wp-json\/wp\/v2\/product"}],"about":[{"href":"https:\/\/www.sams-industrie.fr\/en\/wp-json\/wp\/v2\/types\/product"}],"replies":[{"embeddable":true,"href":"https:\/\/www.sams-industrie.fr\/en\/wp-json\/wp\/v2\/comments?post=10868"}],"wp:attachment":[{"href":"https:\/\/www.sams-industrie.fr\/en\/wp-json\/wp\/v2\/media?parent=10868"}],"curies":[{"name":"wp","href":"https:\/\/api.w.org\/{rel}","templated":true}]}}