{"id":10865,"date":"2025-02-05T10:02:37","date_gmt":"2025-02-05T09:02:37","guid":{"rendered":"https:\/\/www.sams-industrie.fr\/product\/pignon-de-deplacement-concorde-reference-3\/"},"modified":"2025-02-19T12:04:07","modified_gmt":"2025-02-19T11:04:07","slug":"pignon-de-deplacement-concorde-reference-3","status":"publish","type":"product","link":"https:\/\/www.sams-industrie.fr\/en\/product\/pignon-de-deplacement-concorde-reference-3\/","title":{"rendered":"Concorde shift pinion<br> Reference BK-016-037"},"content":{"rendered":"","protected":false},"excerpt":{"rendered":"<p>RAPIDEX Inline Stapler<br \/> R\u00e9f\u00e9rence constructeur : BK-016-037<br \/> R\u00e9f\u00e9rences \u00e9quivalentes : BK016037 \/ MBK016037 \/ RAPBK016037<\/p>","protected":false},"featured_media":0,"comment_status":"open","ping_status":"closed","template":"","meta":[],"_links":{"self":[{"href":"https:\/\/www.sams-industrie.fr\/en\/wp-json\/wp\/v2\/product\/10865"}],"collection":[{"href":"https:\/\/www.sams-industrie.fr\/en\/wp-json\/wp\/v2\/product"}],"about":[{"href":"https:\/\/www.sams-industrie.fr\/en\/wp-json\/wp\/v2\/types\/product"}],"replies":[{"embeddable":true,"href":"https:\/\/www.sams-industrie.fr\/en\/wp-json\/wp\/v2\/comments?post=10865"}],"wp:attachment":[{"href":"https:\/\/www.sams-industrie.fr\/en\/wp-json\/wp\/v2\/media?parent=10865"}],"curies":[{"name":"wp","href":"https:\/\/api.w.org\/{rel}","templated":true}]}}