{"id":10864,"date":"2025-02-05T10:02:37","date_gmt":"2025-02-05T09:02:37","guid":{"rendered":"https:\/\/www.sams-industrie.fr\/product\/pignon-de-deplacement-concorde-reference-2\/"},"modified":"2025-02-19T12:04:06","modified_gmt":"2025-02-19T11:04:06","slug":"pignon-de-deplacement-concorde-reference-2","status":"publish","type":"product","link":"https:\/\/www.sams-industrie.fr\/en\/product\/pignon-de-deplacement-concorde-reference-2\/","title":{"rendered":"Concorde shift pinion<br> Reference BG-017-906"},"content":{"rendered":"","protected":false},"excerpt":{"rendered":"<p>RAPIDEX Inline Stapler<br \/> R\u00e9f\u00e9rence constructeur : BG-017-906<br \/> R\u00e9f\u00e9rences \u00e9quivalentes : BG017906 \/ MBG017906 \/ RAPBG017906<\/p>","protected":false},"featured_media":0,"comment_status":"open","ping_status":"closed","template":"","meta":[],"_links":{"self":[{"href":"https:\/\/www.sams-industrie.fr\/en\/wp-json\/wp\/v2\/product\/10864"}],"collection":[{"href":"https:\/\/www.sams-industrie.fr\/en\/wp-json\/wp\/v2\/product"}],"about":[{"href":"https:\/\/www.sams-industrie.fr\/en\/wp-json\/wp\/v2\/types\/product"}],"replies":[{"embeddable":true,"href":"https:\/\/www.sams-industrie.fr\/en\/wp-json\/wp\/v2\/comments?post=10864"}],"wp:attachment":[{"href":"https:\/\/www.sams-industrie.fr\/en\/wp-json\/wp\/v2\/media?parent=10864"}],"curies":[{"name":"wp","href":"https:\/\/api.w.org\/{rel}","templated":true}]}}