{"id":10862,"date":"2025-02-05T10:02:36","date_gmt":"2025-02-05T09:02:36","guid":{"rendered":"https:\/\/www.sams-industrie.fr\/product\/bride-de-lame-inferieure-reference-2\/"},"modified":"2025-02-19T12:04:05","modified_gmt":"2025-02-19T11:04:05","slug":"bride-de-lame-inferieure-reference-2","status":"publish","type":"product","link":"https:\/\/www.sams-industrie.fr\/en\/product\/bride-de-lame-inferieure-reference-2\/","title":{"rendered":"Lower blade flange<br> Reference BG-015-614"},"content":{"rendered":"","protected":false},"excerpt":{"rendered":"<p>RAPIDEX Inline Stapler<br \/> R\u00e9f\u00e9rence constructeur : BG-015-614<br \/> R\u00e9f\u00e9rences \u00e9quivalentes : BG015614 \/ MBG015614 \/ RAPBG015614<\/p>","protected":false},"featured_media":0,"comment_status":"open","ping_status":"closed","template":"","meta":[],"_links":{"self":[{"href":"https:\/\/www.sams-industrie.fr\/en\/wp-json\/wp\/v2\/product\/10862"}],"collection":[{"href":"https:\/\/www.sams-industrie.fr\/en\/wp-json\/wp\/v2\/product"}],"about":[{"href":"https:\/\/www.sams-industrie.fr\/en\/wp-json\/wp\/v2\/types\/product"}],"replies":[{"embeddable":true,"href":"https:\/\/www.sams-industrie.fr\/en\/wp-json\/wp\/v2\/comments?post=10862"}],"wp:attachment":[{"href":"https:\/\/www.sams-industrie.fr\/en\/wp-json\/wp\/v2\/media?parent=10862"}],"curies":[{"name":"wp","href":"https:\/\/api.w.org\/{rel}","templated":true}]}}