{"id":10861,"date":"2025-02-05T10:02:35","date_gmt":"2025-02-05T09:02:35","guid":{"rendered":"https:\/\/www.sams-industrie.fr\/product\/tole-de-lame-inferieure-reference\/"},"modified":"2025-02-19T12:04:04","modified_gmt":"2025-02-19T11:04:04","slug":"tole-de-lame-inferieure-reference","status":"publish","type":"product","link":"https:\/\/www.sams-industrie.fr\/en\/product\/tole-de-lame-inferieure-reference\/","title":{"rendered":"Lower blade plate<br> Reference BG-015-015"},"content":{"rendered":"","protected":false},"excerpt":{"rendered":"<p>RAPIDEX Inline Stapler<br \/> R\u00e9f\u00e9rence constructeur : BG-015-015<br \/> R\u00e9f\u00e9rences \u00e9quivalentes : BG015015 \/ MBG015015 \/ RAPBG015015<\/p>","protected":false},"featured_media":0,"comment_status":"open","ping_status":"closed","template":"","meta":[],"_links":{"self":[{"href":"https:\/\/www.sams-industrie.fr\/en\/wp-json\/wp\/v2\/product\/10861"}],"collection":[{"href":"https:\/\/www.sams-industrie.fr\/en\/wp-json\/wp\/v2\/product"}],"about":[{"href":"https:\/\/www.sams-industrie.fr\/en\/wp-json\/wp\/v2\/types\/product"}],"replies":[{"embeddable":true,"href":"https:\/\/www.sams-industrie.fr\/en\/wp-json\/wp\/v2\/comments?post=10861"}],"wp:attachment":[{"href":"https:\/\/www.sams-industrie.fr\/en\/wp-json\/wp\/v2\/media?parent=10861"}],"curies":[{"name":"wp","href":"https:\/\/api.w.org\/{rel}","templated":true}]}}