{"id":10859,"date":"2025-02-05T10:02:33","date_gmt":"2025-02-05T09:02:33","guid":{"rendered":"https:\/\/www.sams-industrie.fr\/product\/lame-inferieure-reference-3\/"},"modified":"2025-02-19T12:04:03","modified_gmt":"2025-02-19T11:04:03","slug":"lame-inferieure-reference-3","status":"publish","type":"product","link":"https:\/\/www.sams-industrie.fr\/en\/product\/lame-inferieure-reference-3\/","title":{"rendered":"Lower blade<br> Reference BG-015-617"},"content":{"rendered":"","protected":false},"excerpt":{"rendered":"<p>RAPIDEX Inline Stapler<br \/> R\u00e9f\u00e9rence constructeur : BG-015-617<br \/> R\u00e9f\u00e9rences \u00e9quivalentes : BG015617 \/ MBG015617 \/ RAPBG015617<\/p>","protected":false},"featured_media":0,"comment_status":"open","ping_status":"closed","template":"","meta":[],"_links":{"self":[{"href":"https:\/\/www.sams-industrie.fr\/en\/wp-json\/wp\/v2\/product\/10859"}],"collection":[{"href":"https:\/\/www.sams-industrie.fr\/en\/wp-json\/wp\/v2\/product"}],"about":[{"href":"https:\/\/www.sams-industrie.fr\/en\/wp-json\/wp\/v2\/types\/product"}],"replies":[{"embeddable":true,"href":"https:\/\/www.sams-industrie.fr\/en\/wp-json\/wp\/v2\/comments?post=10859"}],"wp:attachment":[{"href":"https:\/\/www.sams-industrie.fr\/en\/wp-json\/wp\/v2\/media?parent=10859"}],"curies":[{"name":"wp","href":"https:\/\/api.w.org\/{rel}","templated":true}]}}