{"id":10858,"date":"2025-02-05T10:02:33","date_gmt":"2025-02-05T09:02:33","guid":{"rendered":"https:\/\/www.sams-industrie.fr\/product\/feuillard-reference-3\/"},"modified":"2025-02-19T12:04:02","modified_gmt":"2025-02-19T11:04:02","slug":"feuillard-reference-3","status":"publish","type":"product","link":"https:\/\/www.sams-industrie.fr\/en\/product\/feuillard-reference-3\/","title":{"rendered":"Strapping<br> Reference BG-017-920"},"content":{"rendered":"","protected":false},"excerpt":{"rendered":"<p>RAPIDEX Inline Stapler<br \/> R\u00e9f\u00e9rence constructeur : BG-017-920<br \/> R\u00e9f\u00e9rences \u00e9quivalentes : BG017920 \/ MBG017920 \/ RAPBG017920<\/p>","protected":false},"featured_media":0,"comment_status":"open","ping_status":"closed","template":"","meta":[],"_links":{"self":[{"href":"https:\/\/www.sams-industrie.fr\/en\/wp-json\/wp\/v2\/product\/10858"}],"collection":[{"href":"https:\/\/www.sams-industrie.fr\/en\/wp-json\/wp\/v2\/product"}],"about":[{"href":"https:\/\/www.sams-industrie.fr\/en\/wp-json\/wp\/v2\/types\/product"}],"replies":[{"embeddable":true,"href":"https:\/\/www.sams-industrie.fr\/en\/wp-json\/wp\/v2\/comments?post=10858"}],"wp:attachment":[{"href":"https:\/\/www.sams-industrie.fr\/en\/wp-json\/wp\/v2\/media?parent=10858"}],"curies":[{"name":"wp","href":"https:\/\/api.w.org\/{rel}","templated":true}]}}