{"id":10855,"date":"2025-02-05T10:02:31","date_gmt":"2025-02-05T09:02:31","guid":{"rendered":"https:\/\/www.sams-industrie.fr\/product\/galet-libre-courroie-sandwich-reference-12\/"},"modified":"2025-02-19T12:04:00","modified_gmt":"2025-02-19T11:04:00","slug":"galet-libre-courroie-sandwich-reference-12","status":"publish","type":"product","link":"https:\/\/www.sams-industrie.fr\/en\/product\/galet-libre-courroie-sandwich-reference-12\/","title":{"rendered":"Sandwich belt idler roller<br> Reference AC250-020-040"},"content":{"rendered":"","protected":false},"excerpt":{"rendered":"<p>RAPIDEX Inline Stapler<br \/> R\u00e9f\u00e9rence constructeur : AC250-020-040<br \/> R\u00e9f\u00e9rences \u00e9quivalentes : AC250020040 \/ MAC250020040 \/ RAPAC250020040<\/p>","protected":false},"featured_media":0,"comment_status":"open","ping_status":"closed","template":"","meta":[],"_links":{"self":[{"href":"https:\/\/www.sams-industrie.fr\/en\/wp-json\/wp\/v2\/product\/10855"}],"collection":[{"href":"https:\/\/www.sams-industrie.fr\/en\/wp-json\/wp\/v2\/product"}],"about":[{"href":"https:\/\/www.sams-industrie.fr\/en\/wp-json\/wp\/v2\/types\/product"}],"replies":[{"embeddable":true,"href":"https:\/\/www.sams-industrie.fr\/en\/wp-json\/wp\/v2\/comments?post=10855"}],"wp:attachment":[{"href":"https:\/\/www.sams-industrie.fr\/en\/wp-json\/wp\/v2\/media?parent=10855"}],"curies":[{"name":"wp","href":"https:\/\/api.w.org\/{rel}","templated":true}]}}