{"id":10852,"date":"2025-02-05T10:02:29","date_gmt":"2025-02-05T09:02:29","guid":{"rendered":"https:\/\/www.sams-industrie.fr\/product\/galet-libre-courroie-sandwich-reference-9\/"},"modified":"2025-02-19T12:03:57","modified_gmt":"2025-02-19T11:03:57","slug":"galet-libre-courroie-sandwich-reference-9","status":"publish","type":"product","link":"https:\/\/www.sams-industrie.fr\/en\/product\/galet-libre-courroie-sandwich-reference-9\/","title":{"rendered":"Sandwich belt idler roller<br> Reference MAX180-041-003"},"content":{"rendered":"","protected":false},"excerpt":{"rendered":"<p>RAPIDEX Inline Stapler<br \/> R\u00e9f\u00e9rence constructeur : MAX180-041-003 <br \/> R\u00e9f\u00e9rences \u00e9quivalentes : AX180041003 \/ MMAX180041003 \/ RAPRAPAX180041003<\/p>","protected":false},"featured_media":0,"comment_status":"open","ping_status":"closed","template":"","meta":[],"_links":{"self":[{"href":"https:\/\/www.sams-industrie.fr\/en\/wp-json\/wp\/v2\/product\/10852"}],"collection":[{"href":"https:\/\/www.sams-industrie.fr\/en\/wp-json\/wp\/v2\/product"}],"about":[{"href":"https:\/\/www.sams-industrie.fr\/en\/wp-json\/wp\/v2\/types\/product"}],"replies":[{"embeddable":true,"href":"https:\/\/www.sams-industrie.fr\/en\/wp-json\/wp\/v2\/comments?post=10852"}],"wp:attachment":[{"href":"https:\/\/www.sams-industrie.fr\/en\/wp-json\/wp\/v2\/media?parent=10852"}],"curies":[{"name":"wp","href":"https:\/\/api.w.org\/{rel}","templated":true}]}}