{"id":10849,"date":"2025-02-05T10:02:27","date_gmt":"2025-02-05T09:02:27","guid":{"rendered":"https:\/\/www.sams-industrie.fr\/product\/entretoise-de-galet-reference\/"},"modified":"2025-11-03T15:49:05","modified_gmt":"2025-11-03T14:49:05","slug":"entretoise-de-galet-reference","status":"publish","type":"product","link":"https:\/\/www.sams-industrie.fr\/en\/product\/entretoise-de-galet-reference\/","title":{"rendered":"Roller spacer<br> Reference MAX180-SF-13-3007"},"content":{"rendered":"","protected":false},"excerpt":{"rendered":"<p>RAPIDEX Inline Stapler<br \/>\nR\u00e9f\u00e9rence constructeur : MAX180-SF-13-3007<br \/>\nR\u00e9f\u00e9rences \u00e9quivalentes : AX180SF0133007 \/ MMAX180SF0133007 \/ RAPRAPAX180SF0133007<\/p>","protected":false},"featured_media":11712,"comment_status":"open","ping_status":"closed","template":"","meta":[],"_links":{"self":[{"href":"https:\/\/www.sams-industrie.fr\/en\/wp-json\/wp\/v2\/product\/10849"}],"collection":[{"href":"https:\/\/www.sams-industrie.fr\/en\/wp-json\/wp\/v2\/product"}],"about":[{"href":"https:\/\/www.sams-industrie.fr\/en\/wp-json\/wp\/v2\/types\/product"}],"replies":[{"embeddable":true,"href":"https:\/\/www.sams-industrie.fr\/en\/wp-json\/wp\/v2\/comments?post=10849"}],"wp:featuredmedia":[{"embeddable":true,"href":"https:\/\/www.sams-industrie.fr\/en\/wp-json\/wp\/v2\/media\/11712"}],"wp:attachment":[{"href":"https:\/\/www.sams-industrie.fr\/en\/wp-json\/wp\/v2\/media?parent=10849"}],"curies":[{"name":"wp","href":"https:\/\/api.w.org\/{rel}","templated":true}]}}