{"id":10848,"date":"2025-02-05T10:02:27","date_gmt":"2025-02-05T09:02:27","guid":{"rendered":"https:\/\/www.sams-industrie.fr\/product\/galet-de-guidage-arriere-reference\/"},"modified":"2025-11-03T15:48:01","modified_gmt":"2025-11-03T14:48:01","slug":"galet-de-guidage-arriere-reference","status":"publish","type":"product","link":"https:\/\/www.sams-industrie.fr\/en\/product\/galet-de-guidage-arriere-reference\/","title":{"rendered":"Rear guide roller<br> Reference MAX-180-SF-13-3009"},"content":{"rendered":"","protected":false},"excerpt":{"rendered":"<p>RAPIDEX Inline Stapler<br \/>\nR\u00e9f\u00e9rence constructeur : MAX-180-SF-13-3009<br \/>\nR\u00e9f\u00e9rences \u00e9quivalentes : AX180SF0133009 \/ MMAX180SF0133009 \/ RAPRAPAX180SF0133009<\/p>","protected":false},"featured_media":11711,"comment_status":"open","ping_status":"closed","template":"","meta":[],"_links":{"self":[{"href":"https:\/\/www.sams-industrie.fr\/en\/wp-json\/wp\/v2\/product\/10848"}],"collection":[{"href":"https:\/\/www.sams-industrie.fr\/en\/wp-json\/wp\/v2\/product"}],"about":[{"href":"https:\/\/www.sams-industrie.fr\/en\/wp-json\/wp\/v2\/types\/product"}],"replies":[{"embeddable":true,"href":"https:\/\/www.sams-industrie.fr\/en\/wp-json\/wp\/v2\/comments?post=10848"}],"wp:featuredmedia":[{"embeddable":true,"href":"https:\/\/www.sams-industrie.fr\/en\/wp-json\/wp\/v2\/media\/11711"}],"wp:attachment":[{"href":"https:\/\/www.sams-industrie.fr\/en\/wp-json\/wp\/v2\/media?parent=10848"}],"curies":[{"name":"wp","href":"https:\/\/api.w.org\/{rel}","templated":true}]}}