{"id":10847,"date":"2025-02-05T10:02:26","date_gmt":"2025-02-05T09:02:26","guid":{"rendered":"https:\/\/www.sams-industrie.fr\/product\/axe-de-chape-reference-3\/"},"modified":"2025-02-19T12:03:52","modified_gmt":"2025-02-19T11:03:52","slug":"axe-de-chape-reference-3","status":"publish","type":"product","link":"https:\/\/www.sams-industrie.fr\/en\/product\/axe-de-chape-reference-3\/","title":{"rendered":"Clevis pin<br> Reference BD-030-025"},"content":{"rendered":"","protected":false},"excerpt":{"rendered":"<p>RAPIDEX Inline Stapler<br \/> R\u00e9f\u00e9rence constructeur : BD-030-025<br \/> R\u00e9f\u00e9rences \u00e9quivalentes : BD030025 \/ MBD030025 \/ RAPBD030025<\/p>","protected":false},"featured_media":0,"comment_status":"open","ping_status":"closed","template":"","meta":[],"_links":{"self":[{"href":"https:\/\/www.sams-industrie.fr\/en\/wp-json\/wp\/v2\/product\/10847"}],"collection":[{"href":"https:\/\/www.sams-industrie.fr\/en\/wp-json\/wp\/v2\/product"}],"about":[{"href":"https:\/\/www.sams-industrie.fr\/en\/wp-json\/wp\/v2\/types\/product"}],"replies":[{"embeddable":true,"href":"https:\/\/www.sams-industrie.fr\/en\/wp-json\/wp\/v2\/comments?post=10847"}],"wp:attachment":[{"href":"https:\/\/www.sams-industrie.fr\/en\/wp-json\/wp\/v2\/media?parent=10847"}],"curies":[{"name":"wp","href":"https:\/\/api.w.org\/{rel}","templated":true}]}}