{"id":10845,"date":"2025-02-05T10:02:25","date_gmt":"2025-02-05T09:02:25","guid":{"rendered":"https:\/\/www.sams-industrie.fr\/product\/axe-de-chape-reference\/"},"modified":"2025-02-19T12:03:50","modified_gmt":"2025-02-19T11:03:50","slug":"axe-de-chape-reference","status":"publish","type":"product","link":"https:\/\/www.sams-industrie.fr\/en\/product\/axe-de-chape-reference\/","title":{"rendered":"Clevis pin<br> Reference AC250-020-041"},"content":{"rendered":"","protected":false},"excerpt":{"rendered":"<p>RAPIDEX Inline Stapler<br \/> R\u00e9f\u00e9rence constructeur : AC250-020-041<br \/> R\u00e9f\u00e9rences \u00e9quivalentes : AC250020041 \/ MAC250020041 \/ RAPAC250020041<\/p>","protected":false},"featured_media":0,"comment_status":"open","ping_status":"closed","template":"","meta":[],"_links":{"self":[{"href":"https:\/\/www.sams-industrie.fr\/en\/wp-json\/wp\/v2\/product\/10845"}],"collection":[{"href":"https:\/\/www.sams-industrie.fr\/en\/wp-json\/wp\/v2\/product"}],"about":[{"href":"https:\/\/www.sams-industrie.fr\/en\/wp-json\/wp\/v2\/types\/product"}],"replies":[{"embeddable":true,"href":"https:\/\/www.sams-industrie.fr\/en\/wp-json\/wp\/v2\/comments?post=10845"}],"wp:attachment":[{"href":"https:\/\/www.sams-industrie.fr\/en\/wp-json\/wp\/v2\/media?parent=10845"}],"curies":[{"name":"wp","href":"https:\/\/api.w.org\/{rel}","templated":true}]}}