{"id":10843,"date":"2025-02-05T10:02:24","date_gmt":"2025-02-05T09:02:24","guid":{"rendered":"https:\/\/www.sams-industrie.fr\/product\/tige-de-reglage-reference\/"},"modified":"2025-02-19T12:03:49","modified_gmt":"2025-02-19T11:03:49","slug":"tige-de-reglage-reference","status":"publish","type":"product","link":"https:\/\/www.sams-industrie.fr\/en\/product\/tige-de-reglage-reference\/","title":{"rendered":"Adjusting rod<br> Reference BG-020-039"},"content":{"rendered":"","protected":false},"excerpt":{"rendered":"<p>RAPIDEX Inline Stapler<br \/> R\u00e9f\u00e9rence constructeur : BG-020-039<br \/> R\u00e9f\u00e9rences \u00e9quivalentes : BG020039 \/ MBG020039 \/ RAPBG020039<\/p>","protected":false},"featured_media":0,"comment_status":"open","ping_status":"closed","template":"","meta":[],"_links":{"self":[{"href":"https:\/\/www.sams-industrie.fr\/en\/wp-json\/wp\/v2\/product\/10843"}],"collection":[{"href":"https:\/\/www.sams-industrie.fr\/en\/wp-json\/wp\/v2\/product"}],"about":[{"href":"https:\/\/www.sams-industrie.fr\/en\/wp-json\/wp\/v2\/types\/product"}],"replies":[{"embeddable":true,"href":"https:\/\/www.sams-industrie.fr\/en\/wp-json\/wp\/v2\/comments?post=10843"}],"wp:attachment":[{"href":"https:\/\/www.sams-industrie.fr\/en\/wp-json\/wp\/v2\/media?parent=10843"}],"curies":[{"name":"wp","href":"https:\/\/api.w.org\/{rel}","templated":true}]}}