{"id":10837,"date":"2025-02-05T10:02:20","date_gmt":"2025-02-05T09:02:20","guid":{"rendered":"https:\/\/www.sams-industrie.fr\/product\/tenon-reference-2\/"},"modified":"2025-02-19T12:03:45","modified_gmt":"2025-02-19T11:03:45","slug":"tenon-reference-2","status":"publish","type":"product","link":"https:\/\/www.sams-industrie.fr\/en\/product\/tenon-reference-2\/","title":{"rendered":"Tenon<br> Reference BD-030-041"},"content":{"rendered":"","protected":false},"excerpt":{"rendered":"<p>RAPIDEX Inline Stapler<br \/> R\u00e9f\u00e9rence constructeur : BD-030-041<br \/> R\u00e9f\u00e9rences \u00e9quivalentes : BD030041 \/ MBD030041 \/ RAPBD030041<\/p>","protected":false},"featured_media":0,"comment_status":"open","ping_status":"closed","template":"","meta":[],"_links":{"self":[{"href":"https:\/\/www.sams-industrie.fr\/en\/wp-json\/wp\/v2\/product\/10837"}],"collection":[{"href":"https:\/\/www.sams-industrie.fr\/en\/wp-json\/wp\/v2\/product"}],"about":[{"href":"https:\/\/www.sams-industrie.fr\/en\/wp-json\/wp\/v2\/types\/product"}],"replies":[{"embeddable":true,"href":"https:\/\/www.sams-industrie.fr\/en\/wp-json\/wp\/v2\/comments?post=10837"}],"wp:attachment":[{"href":"https:\/\/www.sams-industrie.fr\/en\/wp-json\/wp\/v2\/media?parent=10837"}],"curies":[{"name":"wp","href":"https:\/\/api.w.org\/{rel}","templated":true}]}}