{"id":10830,"date":"2025-02-05T10:02:16","date_gmt":"2025-02-05T09:02:16","guid":{"rendered":"https:\/\/www.sams-industrie.fr\/product\/galet-reference-2\/"},"modified":"2025-02-19T12:03:40","modified_gmt":"2025-02-19T11:03:40","slug":"galet-reference-2","status":"publish","type":"product","link":"https:\/\/www.sams-industrie.fr\/en\/product\/galet-reference-2\/","title":{"rendered":"Pebble<br> Reference AC250-020-040"},"content":{"rendered":"","protected":false},"excerpt":{"rendered":"<p>RAPIDEX Inline Stapler<br \/> R\u00e9f\u00e9rence constructeur : AC250-020-040 <br \/> R\u00e9f\u00e9rences \u00e9quivalentes : AC250020040 \/ MAC250020040 \/ RAPAC250020040<\/p>","protected":false},"featured_media":0,"comment_status":"open","ping_status":"closed","template":"","meta":[],"_links":{"self":[{"href":"https:\/\/www.sams-industrie.fr\/en\/wp-json\/wp\/v2\/product\/10830"}],"collection":[{"href":"https:\/\/www.sams-industrie.fr\/en\/wp-json\/wp\/v2\/product"}],"about":[{"href":"https:\/\/www.sams-industrie.fr\/en\/wp-json\/wp\/v2\/types\/product"}],"replies":[{"embeddable":true,"href":"https:\/\/www.sams-industrie.fr\/en\/wp-json\/wp\/v2\/comments?post=10830"}],"wp:attachment":[{"href":"https:\/\/www.sams-industrie.fr\/en\/wp-json\/wp\/v2\/media?parent=10830"}],"curies":[{"name":"wp","href":"https:\/\/api.w.org\/{rel}","templated":true}]}}