{"id":10828,"date":"2025-02-05T10:02:14","date_gmt":"2025-02-05T09:02:14","guid":{"rendered":"https:\/\/www.sams-industrie.fr\/product\/entretoise-reference-8\/"},"modified":"2025-02-19T12:03:38","modified_gmt":"2025-02-19T11:03:38","slug":"entretoise-reference-8","status":"publish","type":"product","link":"https:\/\/www.sams-industrie.fr\/en\/product\/entretoise-reference-8\/","title":{"rendered":"Spacer<br> Reference BG-110-006"},"content":{"rendered":"","protected":false},"excerpt":{"rendered":"<p>RAPIDEX Inline Stapler<br \/> R\u00e9f\u00e9rence constructeur : BG-110-006<br \/> R\u00e9f\u00e9rences \u00e9quivalentes : BG110006 \/ MBG110006 \/ RAPBG110006<\/p>","protected":false},"featured_media":0,"comment_status":"open","ping_status":"closed","template":"","meta":[],"_links":{"self":[{"href":"https:\/\/www.sams-industrie.fr\/en\/wp-json\/wp\/v2\/product\/10828"}],"collection":[{"href":"https:\/\/www.sams-industrie.fr\/en\/wp-json\/wp\/v2\/product"}],"about":[{"href":"https:\/\/www.sams-industrie.fr\/en\/wp-json\/wp\/v2\/types\/product"}],"replies":[{"embeddable":true,"href":"https:\/\/www.sams-industrie.fr\/en\/wp-json\/wp\/v2\/comments?post=10828"}],"wp:attachment":[{"href":"https:\/\/www.sams-industrie.fr\/en\/wp-json\/wp\/v2\/media?parent=10828"}],"curies":[{"name":"wp","href":"https:\/\/api.w.org\/{rel}","templated":true}]}}