{"id":10827,"date":"2025-02-05T10:02:13","date_gmt":"2025-02-05T09:02:13","guid":{"rendered":"https:\/\/www.sams-industrie.fr\/product\/palier-sandwiches-reference\/"},"modified":"2025-11-24T14:34:46","modified_gmt":"2025-11-24T13:34:46","slug":"palier-sandwiches-reference","status":"publish","type":"product","link":"https:\/\/www.sams-industrie.fr\/en\/product\/palier-sandwiches-reference\/","title":{"rendered":"Sandwich landing<br> Reference GD-001-055"},"content":{"rendered":"","protected":false},"excerpt":{"rendered":"<p>RAPIDEX Inline Stapler<br \/>\nR\u00e9f\u00e9rence constructeur : GD-001-055<br \/>\nR\u00e9f\u00e9rences \u00e9quivalentes : GD001055 \/ MGD001055 \/ RAPGD001055<\/p>","protected":false},"featured_media":11757,"comment_status":"open","ping_status":"closed","template":"","meta":[],"_links":{"self":[{"href":"https:\/\/www.sams-industrie.fr\/en\/wp-json\/wp\/v2\/product\/10827"}],"collection":[{"href":"https:\/\/www.sams-industrie.fr\/en\/wp-json\/wp\/v2\/product"}],"about":[{"href":"https:\/\/www.sams-industrie.fr\/en\/wp-json\/wp\/v2\/types\/product"}],"replies":[{"embeddable":true,"href":"https:\/\/www.sams-industrie.fr\/en\/wp-json\/wp\/v2\/comments?post=10827"}],"wp:featuredmedia":[{"embeddable":true,"href":"https:\/\/www.sams-industrie.fr\/en\/wp-json\/wp\/v2\/media\/11757"}],"wp:attachment":[{"href":"https:\/\/www.sams-industrie.fr\/en\/wp-json\/wp\/v2\/media?parent=10827"}],"curies":[{"name":"wp","href":"https:\/\/api.w.org\/{rel}","templated":true}]}}