{"id":10825,"date":"2025-02-05T10:02:12","date_gmt":"2025-02-05T09:02:12","guid":{"rendered":"https:\/\/www.sams-industrie.fr\/product\/cannele-inferieur-reference-7\/"},"modified":"2025-02-19T12:03:36","modified_gmt":"2025-02-19T11:03:36","slug":"cannele-inferieur-reference-7","status":"publish","type":"product","link":"https:\/\/www.sams-industrie.fr\/en\/product\/cannele-inferieur-reference-7\/","title":{"rendered":"Lower fluted<br> Reference BG-111-010 LF"},"content":{"rendered":"","protected":false},"excerpt":{"rendered":"<p>RAPIDEX Inline Stapler<br \/> R\u00e9f\u00e9rence constructeur : BG-111-010 LF<br \/> R\u00e9f\u00e9rences \u00e9quivalentes : BG111010LF \/ MBG111010LF \/ RAPBG111010LF<\/p>","protected":false},"featured_media":0,"comment_status":"open","ping_status":"closed","template":"","meta":[],"_links":{"self":[{"href":"https:\/\/www.sams-industrie.fr\/en\/wp-json\/wp\/v2\/product\/10825"}],"collection":[{"href":"https:\/\/www.sams-industrie.fr\/en\/wp-json\/wp\/v2\/product"}],"about":[{"href":"https:\/\/www.sams-industrie.fr\/en\/wp-json\/wp\/v2\/types\/product"}],"replies":[{"embeddable":true,"href":"https:\/\/www.sams-industrie.fr\/en\/wp-json\/wp\/v2\/comments?post=10825"}],"wp:attachment":[{"href":"https:\/\/www.sams-industrie.fr\/en\/wp-json\/wp\/v2\/media?parent=10825"}],"curies":[{"name":"wp","href":"https:\/\/api.w.org\/{rel}","templated":true}]}}