{"id":10824,"date":"2025-02-05T10:02:11","date_gmt":"2025-02-05T09:02:11","guid":{"rendered":"https:\/\/www.sams-industrie.fr\/product\/fourreau-moteur-de-cannele-reference\/"},"modified":"2025-02-19T12:03:36","modified_gmt":"2025-02-19T11:03:36","slug":"fourreau-moteur-de-cannele-reference","status":"publish","type":"product","link":"https:\/\/www.sams-industrie.fr\/en\/product\/fourreau-moteur-de-cannele-reference\/","title":{"rendered":"Grooved engine sleeve<br> Reference BG-111-012"},"content":{"rendered":"","protected":false},"excerpt":{"rendered":"<p>RAPIDEX Inline Stapler<br \/> R\u00e9f\u00e9rence constructeur : BG-111-012<br \/> R\u00e9f\u00e9rences \u00e9quivalentes : BG111012 \/ MBG111012 \/ RAPBG111012<\/p>","protected":false},"featured_media":0,"comment_status":"open","ping_status":"closed","template":"","meta":[],"_links":{"self":[{"href":"https:\/\/www.sams-industrie.fr\/en\/wp-json\/wp\/v2\/product\/10824"}],"collection":[{"href":"https:\/\/www.sams-industrie.fr\/en\/wp-json\/wp\/v2\/product"}],"about":[{"href":"https:\/\/www.sams-industrie.fr\/en\/wp-json\/wp\/v2\/types\/product"}],"replies":[{"embeddable":true,"href":"https:\/\/www.sams-industrie.fr\/en\/wp-json\/wp\/v2\/comments?post=10824"}],"wp:attachment":[{"href":"https:\/\/www.sams-industrie.fr\/en\/wp-json\/wp\/v2\/media?parent=10824"}],"curies":[{"name":"wp","href":"https:\/\/api.w.org\/{rel}","templated":true}]}}