{"id":10823,"date":"2025-02-05T10:02:11","date_gmt":"2025-02-05T09:02:11","guid":{"rendered":"https:\/\/www.sams-industrie.fr\/product\/fourreau-dentrainement-reference\/"},"modified":"2025-02-19T12:03:35","modified_gmt":"2025-02-19T11:03:35","slug":"fourreau-dentrainement-reference","status":"publish","type":"product","link":"https:\/\/www.sams-industrie.fr\/en\/product\/fourreau-dentrainement-reference\/","title":{"rendered":"Training sheath<br> Reference AC250-020-024C"},"content":{"rendered":"","protected":false},"excerpt":{"rendered":"<p>RAPIDEX Inline Stapler<br \/> R\u00e9f\u00e9rence constructeur : AC250-020-024C<br \/> R\u00e9f\u00e9rences \u00e9quivalentes : AC250020024C \/ MAC250020024C \/ RAPAC250020024C<\/p>","protected":false},"featured_media":0,"comment_status":"open","ping_status":"closed","template":"","meta":[],"_links":{"self":[{"href":"https:\/\/www.sams-industrie.fr\/en\/wp-json\/wp\/v2\/product\/10823"}],"collection":[{"href":"https:\/\/www.sams-industrie.fr\/en\/wp-json\/wp\/v2\/product"}],"about":[{"href":"https:\/\/www.sams-industrie.fr\/en\/wp-json\/wp\/v2\/types\/product"}],"replies":[{"embeddable":true,"href":"https:\/\/www.sams-industrie.fr\/en\/wp-json\/wp\/v2\/comments?post=10823"}],"wp:attachment":[{"href":"https:\/\/www.sams-industrie.fr\/en\/wp-json\/wp\/v2\/media?parent=10823"}],"curies":[{"name":"wp","href":"https:\/\/api.w.org\/{rel}","templated":true}]}}