{"id":10819,"date":"2025-02-05T10:02:08","date_gmt":"2025-02-05T09:02:08","guid":{"rendered":"https:\/\/www.sams-industrie.fr\/product\/galet-libre-courroie-sandwich-reference-7\/"},"modified":"2025-02-19T12:03:31","modified_gmt":"2025-02-19T11:03:31","slug":"galet-libre-courroie-sandwich-reference-7","status":"publish","type":"product","link":"https:\/\/www.sams-industrie.fr\/en\/product\/galet-libre-courroie-sandwich-reference-7\/","title":{"rendered":"Sandwich belt idler roller<br> Reference BG-020-608"},"content":{"rendered":"","protected":false},"excerpt":{"rendered":"<p>RAPIDEX Inline Stapler<br \/> R\u00e9f\u00e9rence constructeur : BG-020-608<br \/> R\u00e9f\u00e9rences \u00e9quivalentes : BG020608 \/ MBG020608 \/ RAPBG020608<\/p>","protected":false},"featured_media":0,"comment_status":"open","ping_status":"closed","template":"","meta":[],"_links":{"self":[{"href":"https:\/\/www.sams-industrie.fr\/en\/wp-json\/wp\/v2\/product\/10819"}],"collection":[{"href":"https:\/\/www.sams-industrie.fr\/en\/wp-json\/wp\/v2\/product"}],"about":[{"href":"https:\/\/www.sams-industrie.fr\/en\/wp-json\/wp\/v2\/types\/product"}],"replies":[{"embeddable":true,"href":"https:\/\/www.sams-industrie.fr\/en\/wp-json\/wp\/v2\/comments?post=10819"}],"wp:attachment":[{"href":"https:\/\/www.sams-industrie.fr\/en\/wp-json\/wp\/v2\/media?parent=10819"}],"curies":[{"name":"wp","href":"https:\/\/api.w.org\/{rel}","templated":true}]}}