{"id":10818,"date":"2025-02-05T10:02:08","date_gmt":"2025-02-05T09:02:08","guid":{"rendered":"https:\/\/www.sams-industrie.fr\/product\/pignon-recepteur-reference-3\/"},"modified":"2025-02-19T12:03:30","modified_gmt":"2025-02-19T11:03:30","slug":"pignon-recepteur-reference-3","status":"publish","type":"product","link":"https:\/\/www.sams-industrie.fr\/en\/product\/pignon-recepteur-reference-3\/","title":{"rendered":"Receiving pinion<br> Reference BG-020-623"},"content":{"rendered":"","protected":false},"excerpt":{"rendered":"<p>RAPIDEX Inline Stapler<br \/> R\u00e9f\u00e9rence constructeur : BG-020-623<br \/> R\u00e9f\u00e9rences \u00e9quivalentes : BG020623 \/ MBG020623 \/ RAPBG020623<\/p>","protected":false},"featured_media":0,"comment_status":"open","ping_status":"closed","template":"","meta":[],"_links":{"self":[{"href":"https:\/\/www.sams-industrie.fr\/en\/wp-json\/wp\/v2\/product\/10818"}],"collection":[{"href":"https:\/\/www.sams-industrie.fr\/en\/wp-json\/wp\/v2\/product"}],"about":[{"href":"https:\/\/www.sams-industrie.fr\/en\/wp-json\/wp\/v2\/types\/product"}],"replies":[{"embeddable":true,"href":"https:\/\/www.sams-industrie.fr\/en\/wp-json\/wp\/v2\/comments?post=10818"}],"wp:attachment":[{"href":"https:\/\/www.sams-industrie.fr\/en\/wp-json\/wp\/v2\/media?parent=10818"}],"curies":[{"name":"wp","href":"https:\/\/api.w.org\/{rel}","templated":true}]}}