{"id":10809,"date":"2025-02-05T10:02:02","date_gmt":"2025-02-05T09:02:02","guid":{"rendered":"https:\/\/www.sams-industrie.fr\/product\/galet-dentrainement-de-courroie-reference\/"},"modified":"2025-10-29T16:25:15","modified_gmt":"2025-10-29T15:25:15","slug":"galet-dentrainement-de-courroie-reference","status":"publish","type":"product","link":"https:\/\/www.sams-industrie.fr\/en\/product\/galet-dentrainement-de-courroie-reference\/","title":{"rendered":"Belt drive roller<br> Reference BG-020-616"},"content":{"rendered":"","protected":false},"excerpt":{"rendered":"<p>RAPIDEX Inline Stapler<br \/>\nR\u00e9f\u00e9rence constructeur : BG-020-616<br \/>\nR\u00e9f\u00e9rences \u00e9quivalentes : BG020616 \/ MBG020616 \/ RAPBG020616<\/p>","protected":false},"featured_media":11702,"comment_status":"open","ping_status":"closed","template":"","meta":[],"_links":{"self":[{"href":"https:\/\/www.sams-industrie.fr\/en\/wp-json\/wp\/v2\/product\/10809"}],"collection":[{"href":"https:\/\/www.sams-industrie.fr\/en\/wp-json\/wp\/v2\/product"}],"about":[{"href":"https:\/\/www.sams-industrie.fr\/en\/wp-json\/wp\/v2\/types\/product"}],"replies":[{"embeddable":true,"href":"https:\/\/www.sams-industrie.fr\/en\/wp-json\/wp\/v2\/comments?post=10809"}],"wp:featuredmedia":[{"embeddable":true,"href":"https:\/\/www.sams-industrie.fr\/en\/wp-json\/wp\/v2\/media\/11702"}],"wp:attachment":[{"href":"https:\/\/www.sams-industrie.fr\/en\/wp-json\/wp\/v2\/media?parent=10809"}],"curies":[{"name":"wp","href":"https:\/\/api.w.org\/{rel}","templated":true}]}}