{"id":10808,"date":"2025-02-05T10:02:02","date_gmt":"2025-02-05T09:02:02","guid":{"rendered":"https:\/\/www.sams-industrie.fr\/product\/moyeu-broche-dentrainement-reference\/"},"modified":"2025-02-19T12:03:23","modified_gmt":"2025-02-19T11:03:23","slug":"moyeu-broche-dentrainement-reference","status":"publish","type":"product","link":"https:\/\/www.sams-industrie.fr\/en\/product\/moyeu-broche-dentrainement-reference\/","title":{"rendered":"Spindle drive hub<br> Reference BG-111-016"},"content":{"rendered":"","protected":false},"excerpt":{"rendered":"<p>RAPIDEX Inline Stapler<br \/> R\u00e9f\u00e9rence constructeur : BG-111-016<br \/> R\u00e9f\u00e9rences \u00e9quivalentes : BG111016 \/ MBG111016 \/ RAPBG111016<\/p>","protected":false},"featured_media":0,"comment_status":"open","ping_status":"closed","template":"","meta":[],"_links":{"self":[{"href":"https:\/\/www.sams-industrie.fr\/en\/wp-json\/wp\/v2\/product\/10808"}],"collection":[{"href":"https:\/\/www.sams-industrie.fr\/en\/wp-json\/wp\/v2\/product"}],"about":[{"href":"https:\/\/www.sams-industrie.fr\/en\/wp-json\/wp\/v2\/types\/product"}],"replies":[{"embeddable":true,"href":"https:\/\/www.sams-industrie.fr\/en\/wp-json\/wp\/v2\/comments?post=10808"}],"wp:attachment":[{"href":"https:\/\/www.sams-industrie.fr\/en\/wp-json\/wp\/v2\/media?parent=10808"}],"curies":[{"name":"wp","href":"https:\/\/api.w.org\/{rel}","templated":true}]}}