{"id":10803,"date":"2025-02-05T10:01:59","date_gmt":"2025-02-05T09:01:59","guid":{"rendered":"https:\/\/www.sams-industrie.fr\/product\/cannele-inferieur-reference-3\/"},"modified":"2025-02-19T12:03:19","modified_gmt":"2025-02-19T11:03:19","slug":"cannele-inferieur-reference-3","status":"publish","type":"product","link":"https:\/\/www.sams-industrie.fr\/en\/product\/cannele-inferieur-reference-3\/","title":{"rendered":"Lower fluted<br> Reference BG-110-041 LJ"},"content":{"rendered":"","protected":false},"excerpt":{"rendered":"<p>RAPIDEX Inline Stapler<br \/> R\u00e9f\u00e9rence constructeur : BG-110-041 LJ<br \/> R\u00e9f\u00e9rences \u00e9quivalentes : BG110041LJ \/ MBG110041LJ \/ RAPBG110041LJ<\/p>","protected":false},"featured_media":0,"comment_status":"open","ping_status":"closed","template":"","meta":[],"_links":{"self":[{"href":"https:\/\/www.sams-industrie.fr\/en\/wp-json\/wp\/v2\/product\/10803"}],"collection":[{"href":"https:\/\/www.sams-industrie.fr\/en\/wp-json\/wp\/v2\/product"}],"about":[{"href":"https:\/\/www.sams-industrie.fr\/en\/wp-json\/wp\/v2\/types\/product"}],"replies":[{"embeddable":true,"href":"https:\/\/www.sams-industrie.fr\/en\/wp-json\/wp\/v2\/comments?post=10803"}],"wp:attachment":[{"href":"https:\/\/www.sams-industrie.fr\/en\/wp-json\/wp\/v2\/media?parent=10803"}],"curies":[{"name":"wp","href":"https:\/\/api.w.org\/{rel}","templated":true}]}}