{"id":10801,"date":"2025-02-05T10:01:58","date_gmt":"2025-02-05T09:01:58","guid":{"rendered":"https:\/\/www.sams-industrie.fr\/product\/demi-lune-de-cannele-reference\/"},"modified":"2025-02-19T12:03:17","modified_gmt":"2025-02-19T11:03:17","slug":"demi-lune-de-cannele-reference","status":"publish","type":"product","link":"https:\/\/www.sams-industrie.fr\/en\/product\/demi-lune-de-cannele-reference\/","title":{"rendered":"Half-moon canel\u00e9<br> Reference BG-110-015"},"content":{"rendered":"","protected":false},"excerpt":{"rendered":"<p>RAPIDEX Inline Stapler<br \/> R\u00e9f\u00e9rence constructeur : BG-110-015<br \/> R\u00e9f\u00e9rences \u00e9quivalentes : BG110015 \/ MBG110015 \/ RAPBG110015<\/p>","protected":false},"featured_media":0,"comment_status":"open","ping_status":"closed","template":"","meta":[],"_links":{"self":[{"href":"https:\/\/www.sams-industrie.fr\/en\/wp-json\/wp\/v2\/product\/10801"}],"collection":[{"href":"https:\/\/www.sams-industrie.fr\/en\/wp-json\/wp\/v2\/product"}],"about":[{"href":"https:\/\/www.sams-industrie.fr\/en\/wp-json\/wp\/v2\/types\/product"}],"replies":[{"embeddable":true,"href":"https:\/\/www.sams-industrie.fr\/en\/wp-json\/wp\/v2\/comments?post=10801"}],"wp:attachment":[{"href":"https:\/\/www.sams-industrie.fr\/en\/wp-json\/wp\/v2\/media?parent=10801"}],"curies":[{"name":"wp","href":"https:\/\/api.w.org\/{rel}","templated":true}]}}