{"id":10800,"date":"2025-02-05T10:01:57","date_gmt":"2025-02-05T09:01:57","guid":{"rendered":"https:\/\/www.sams-industrie.fr\/product\/cannele-inferieur-reference-2\/"},"modified":"2025-02-19T12:03:17","modified_gmt":"2025-02-19T11:03:17","slug":"cannele-inferieur-reference-2","status":"publish","type":"product","link":"https:\/\/www.sams-industrie.fr\/en\/product\/cannele-inferieur-reference-2\/","title":{"rendered":"Lower fluted<br> Reference BG-110-041 LF"},"content":{"rendered":"","protected":false},"excerpt":{"rendered":"<p>RAPIDEX Inline Stapler<br \/> R\u00e9f\u00e9rence constructeur : BG-110-041 LF<br \/> R\u00e9f\u00e9rences \u00e9quivalentes : BG110041LF \/ MBG110041LF \/ RAPBG110041LF<\/p>","protected":false},"featured_media":0,"comment_status":"open","ping_status":"closed","template":"","meta":[],"_links":{"self":[{"href":"https:\/\/www.sams-industrie.fr\/en\/wp-json\/wp\/v2\/product\/10800"}],"collection":[{"href":"https:\/\/www.sams-industrie.fr\/en\/wp-json\/wp\/v2\/product"}],"about":[{"href":"https:\/\/www.sams-industrie.fr\/en\/wp-json\/wp\/v2\/types\/product"}],"replies":[{"embeddable":true,"href":"https:\/\/www.sams-industrie.fr\/en\/wp-json\/wp\/v2\/comments?post=10800"}],"wp:attachment":[{"href":"https:\/\/www.sams-industrie.fr\/en\/wp-json\/wp\/v2\/media?parent=10800"}],"curies":[{"name":"wp","href":"https:\/\/api.w.org\/{rel}","templated":true}]}}