{"id":10796,"date":"2025-02-05T10:01:54","date_gmt":"2025-02-05T09:01:54","guid":{"rendered":"https:\/\/www.sams-industrie.fr\/product\/pignon-recepteur-reference-2\/"},"modified":"2025-02-19T12:03:14","modified_gmt":"2025-02-19T11:03:14","slug":"pignon-recepteur-reference-2","status":"publish","type":"product","link":"https:\/\/www.sams-industrie.fr\/en\/product\/pignon-recepteur-reference-2\/","title":{"rendered":"Receiving pinion<br> Reference BG-111-014"},"content":{"rendered":"","protected":false},"excerpt":{"rendered":"<p>RAPIDEX Inline Stapler<br \/> R\u00e9f\u00e9rence constructeur : BG-111-014<br \/> R\u00e9f\u00e9rences \u00e9quivalentes : BG111014 \/ MBG111014 \/ RAPBG111014<\/p>","protected":false},"featured_media":0,"comment_status":"open","ping_status":"closed","template":"","meta":[],"_links":{"self":[{"href":"https:\/\/www.sams-industrie.fr\/en\/wp-json\/wp\/v2\/product\/10796"}],"collection":[{"href":"https:\/\/www.sams-industrie.fr\/en\/wp-json\/wp\/v2\/product"}],"about":[{"href":"https:\/\/www.sams-industrie.fr\/en\/wp-json\/wp\/v2\/types\/product"}],"replies":[{"embeddable":true,"href":"https:\/\/www.sams-industrie.fr\/en\/wp-json\/wp\/v2\/comments?post=10796"}],"wp:attachment":[{"href":"https:\/\/www.sams-industrie.fr\/en\/wp-json\/wp\/v2\/media?parent=10796"}],"curies":[{"name":"wp","href":"https:\/\/api.w.org\/{rel}","templated":true}]}}