{"id":10795,"date":"2025-02-05T10:01:53","date_gmt":"2025-02-05T09:01:53","guid":{"rendered":"https:\/\/www.sams-industrie.fr\/product\/pignon-moteur-reference\/"},"modified":"2025-02-19T12:03:13","modified_gmt":"2025-02-19T11:03:13","slug":"pignon-moteur-reference","status":"publish","type":"product","link":"https:\/\/www.sams-industrie.fr\/en\/product\/pignon-moteur-reference\/","title":{"rendered":"Motor pinion<br> Reference BG-111-029"},"content":{"rendered":"","protected":false},"excerpt":{"rendered":"<p>RAPIDEX Inline Stapler<br \/> R\u00e9f\u00e9rence constructeur : BG-111-029<br \/> R\u00e9f\u00e9rences \u00e9quivalentes : BG111029 \/ MBG111029 \/ RAPBG111029<\/p>","protected":false},"featured_media":0,"comment_status":"open","ping_status":"closed","template":"","meta":[],"_links":{"self":[{"href":"https:\/\/www.sams-industrie.fr\/en\/wp-json\/wp\/v2\/product\/10795"}],"collection":[{"href":"https:\/\/www.sams-industrie.fr\/en\/wp-json\/wp\/v2\/product"}],"about":[{"href":"https:\/\/www.sams-industrie.fr\/en\/wp-json\/wp\/v2\/types\/product"}],"replies":[{"embeddable":true,"href":"https:\/\/www.sams-industrie.fr\/en\/wp-json\/wp\/v2\/comments?post=10795"}],"wp:attachment":[{"href":"https:\/\/www.sams-industrie.fr\/en\/wp-json\/wp\/v2\/media?parent=10795"}],"curies":[{"name":"wp","href":"https:\/\/api.w.org\/{rel}","templated":true}]}}