{"id":10792,"date":"2025-02-05T10:01:50","date_gmt":"2025-02-05T09:01:50","guid":{"rendered":"https:\/\/www.sams-industrie.fr\/product\/palier-inferieur-reference\/"},"modified":"2025-02-19T12:03:10","modified_gmt":"2025-02-19T11:03:10","slug":"palier-inferieur-reference","status":"publish","type":"product","link":"https:\/\/www.sams-industrie.fr\/en\/product\/palier-inferieur-reference\/","title":{"rendered":"Lower landing<br> Reference BG-020-125"},"content":{"rendered":"","protected":false},"excerpt":{"rendered":"<p>RAPIDEX Inline Stapler<br \/> R\u00e9f\u00e9rence constructeur : BG-020-125<br \/> R\u00e9f\u00e9rences \u00e9quivalentes : BG020125 \/ MBG020125 \/ RAPBG020125<\/p>","protected":false},"featured_media":0,"comment_status":"open","ping_status":"closed","template":"","meta":[],"_links":{"self":[{"href":"https:\/\/www.sams-industrie.fr\/en\/wp-json\/wp\/v2\/product\/10792"}],"collection":[{"href":"https:\/\/www.sams-industrie.fr\/en\/wp-json\/wp\/v2\/product"}],"about":[{"href":"https:\/\/www.sams-industrie.fr\/en\/wp-json\/wp\/v2\/types\/product"}],"replies":[{"embeddable":true,"href":"https:\/\/www.sams-industrie.fr\/en\/wp-json\/wp\/v2\/comments?post=10792"}],"wp:attachment":[{"href":"https:\/\/www.sams-industrie.fr\/en\/wp-json\/wp\/v2\/media?parent=10792"}],"curies":[{"name":"wp","href":"https:\/\/api.w.org\/{rel}","templated":true}]}}