{"id":10787,"date":"2025-02-05T10:01:47","date_gmt":"2025-02-05T09:01:47","guid":{"rendered":"https:\/\/www.sams-industrie.fr\/product\/ecrou-de-serrage-de-flasque-de-came-reference\/"},"modified":"2025-02-19T12:03:06","modified_gmt":"2025-02-19T11:03:06","slug":"ecrou-de-serrage-de-flasque-de-came-reference","status":"publish","type":"product","link":"https:\/\/www.sams-industrie.fr\/en\/product\/ecrou-de-serrage-de-flasque-de-came-reference\/","title":{"rendered":"Cam flange clamp nut<br> Reference GF-001-037"},"content":{"rendered":"","protected":false},"excerpt":{"rendered":"<p>RAPIDEX Agrafeuse<br \/> R\u00e9f\u00e9rence constructeur : GF-001-037<br \/> R\u00e9f\u00e9rences \u00e9quivalentes : GF001037 \/ MGF001037 \/ RAPGF001037<\/p>","protected":false},"featured_media":0,"comment_status":"open","ping_status":"closed","template":"","meta":[],"_links":{"self":[{"href":"https:\/\/www.sams-industrie.fr\/en\/wp-json\/wp\/v2\/product\/10787"}],"collection":[{"href":"https:\/\/www.sams-industrie.fr\/en\/wp-json\/wp\/v2\/product"}],"about":[{"href":"https:\/\/www.sams-industrie.fr\/en\/wp-json\/wp\/v2\/types\/product"}],"replies":[{"embeddable":true,"href":"https:\/\/www.sams-industrie.fr\/en\/wp-json\/wp\/v2\/comments?post=10787"}],"wp:attachment":[{"href":"https:\/\/www.sams-industrie.fr\/en\/wp-json\/wp\/v2\/media?parent=10787"}],"curies":[{"name":"wp","href":"https:\/\/api.w.org\/{rel}","templated":true}]}}