{"id":10783,"date":"2025-02-05T10:01:44","date_gmt":"2025-02-05T09:01:44","guid":{"rendered":"https:\/\/www.sams-industrie.fr\/product\/axe-reference-6\/"},"modified":"2025-10-29T16:22:33","modified_gmt":"2025-10-29T15:22:33","slug":"axe-reference-6","status":"publish","type":"product","link":"https:\/\/www.sams-industrie.fr\/en\/product\/axe-reference-6\/","title":{"rendered":"Axis<br> Reference CJ-015-014"},"content":{"rendered":"","protected":false},"excerpt":{"rendered":"<p>RAPIDEX Agrafeuse<br \/>\nR\u00e9f\u00e9rence constructeur : CJ-015-014<br \/>\nR\u00e9f\u00e9rences \u00e9quivalentes : CJ015014 \/ MCJ015014 \/ RAPCJ015014<\/p>","protected":false},"featured_media":11700,"comment_status":"open","ping_status":"closed","template":"","meta":[],"_links":{"self":[{"href":"https:\/\/www.sams-industrie.fr\/en\/wp-json\/wp\/v2\/product\/10783"}],"collection":[{"href":"https:\/\/www.sams-industrie.fr\/en\/wp-json\/wp\/v2\/product"}],"about":[{"href":"https:\/\/www.sams-industrie.fr\/en\/wp-json\/wp\/v2\/types\/product"}],"replies":[{"embeddable":true,"href":"https:\/\/www.sams-industrie.fr\/en\/wp-json\/wp\/v2\/comments?post=10783"}],"wp:featuredmedia":[{"embeddable":true,"href":"https:\/\/www.sams-industrie.fr\/en\/wp-json\/wp\/v2\/media\/11700"}],"wp:attachment":[{"href":"https:\/\/www.sams-industrie.fr\/en\/wp-json\/wp\/v2\/media?parent=10783"}],"curies":[{"name":"wp","href":"https:\/\/api.w.org\/{rel}","templated":true}]}}