{"id":10782,"date":"2025-02-05T10:01:44","date_gmt":"2025-02-05T09:01:44","guid":{"rendered":"https:\/\/www.sams-industrie.fr\/product\/rondelle-bronze-reference-9\/"},"modified":"2025-02-19T12:03:03","modified_gmt":"2025-02-19T11:03:03","slug":"rondelle-bronze-reference-9","status":"publish","type":"product","link":"https:\/\/www.sams-industrie.fr\/en\/product\/rondelle-bronze-reference-9\/","title":{"rendered":"Bronze washer<br> Reference GD-201-044"},"content":{"rendered":"","protected":false},"excerpt":{"rendered":"<p>RAPIDEX Agrafeuse<br \/> R\u00e9f\u00e9rence constructeur : GD-201-044<br \/> R\u00e9f\u00e9rences \u00e9quivalentes : GD201044 \/ MGD201044 \/ RAPGD201044<\/p>","protected":false},"featured_media":0,"comment_status":"open","ping_status":"closed","template":"","meta":[],"_links":{"self":[{"href":"https:\/\/www.sams-industrie.fr\/en\/wp-json\/wp\/v2\/product\/10782"}],"collection":[{"href":"https:\/\/www.sams-industrie.fr\/en\/wp-json\/wp\/v2\/product"}],"about":[{"href":"https:\/\/www.sams-industrie.fr\/en\/wp-json\/wp\/v2\/types\/product"}],"replies":[{"embeddable":true,"href":"https:\/\/www.sams-industrie.fr\/en\/wp-json\/wp\/v2\/comments?post=10782"}],"wp:attachment":[{"href":"https:\/\/www.sams-industrie.fr\/en\/wp-json\/wp\/v2\/media?parent=10782"}],"curies":[{"name":"wp","href":"https:\/\/api.w.org\/{rel}","templated":true}]}}