{"id":10779,"date":"2025-02-05T10:01:42","date_gmt":"2025-02-05T09:01:42","guid":{"rendered":"https:\/\/www.sams-industrie.fr\/product\/rondelle-acier-reference\/"},"modified":"2025-02-19T12:03:00","modified_gmt":"2025-02-19T11:03:00","slug":"rondelle-acier-reference","status":"publish","type":"product","link":"https:\/\/www.sams-industrie.fr\/en\/product\/rondelle-acier-reference\/","title":{"rendered":"Steel washer<br> Reference GD-001-074"},"content":{"rendered":"","protected":false},"excerpt":{"rendered":"<p>RAPIDEX Agrafeuse<br \/> R\u00e9f\u00e9rence constructeur : GD-001-074<br \/> R\u00e9f\u00e9rences \u00e9quivalentes : GD001074 \/ MGD001074 \/ RAPGD001074<\/p>","protected":false},"featured_media":0,"comment_status":"open","ping_status":"closed","template":"","meta":[],"_links":{"self":[{"href":"https:\/\/www.sams-industrie.fr\/en\/wp-json\/wp\/v2\/product\/10779"}],"collection":[{"href":"https:\/\/www.sams-industrie.fr\/en\/wp-json\/wp\/v2\/product"}],"about":[{"href":"https:\/\/www.sams-industrie.fr\/en\/wp-json\/wp\/v2\/types\/product"}],"replies":[{"embeddable":true,"href":"https:\/\/www.sams-industrie.fr\/en\/wp-json\/wp\/v2\/comments?post=10779"}],"wp:attachment":[{"href":"https:\/\/www.sams-industrie.fr\/en\/wp-json\/wp\/v2\/media?parent=10779"}],"curies":[{"name":"wp","href":"https:\/\/api.w.org\/{rel}","templated":true}]}}