{"id":10778,"date":"2025-02-05T10:01:41","date_gmt":"2025-02-05T09:01:41","guid":{"rendered":"https:\/\/www.sams-industrie.fr\/product\/rondelle-bronze-reference-7\/"},"modified":"2025-02-19T12:03:00","modified_gmt":"2025-02-19T11:03:00","slug":"rondelle-bronze-reference-7","status":"publish","type":"product","link":"https:\/\/www.sams-industrie.fr\/en\/product\/rondelle-bronze-reference-7\/","title":{"rendered":"Bronze washer<br> Reference WB-0150-54"},"content":{"rendered":"","protected":false},"excerpt":{"rendered":"<p>RAPIDEX Agrafeuse<br \/> R\u00e9f\u00e9rence constructeur : WB-0150-54<br \/> R\u00e9f\u00e9rences \u00e9quivalentes : WB015054 \/ MWB015054 \/ RAPWB015054<\/p>","protected":false},"featured_media":0,"comment_status":"open","ping_status":"closed","template":"","meta":[],"_links":{"self":[{"href":"https:\/\/www.sams-industrie.fr\/en\/wp-json\/wp\/v2\/product\/10778"}],"collection":[{"href":"https:\/\/www.sams-industrie.fr\/en\/wp-json\/wp\/v2\/product"}],"about":[{"href":"https:\/\/www.sams-industrie.fr\/en\/wp-json\/wp\/v2\/types\/product"}],"replies":[{"embeddable":true,"href":"https:\/\/www.sams-industrie.fr\/en\/wp-json\/wp\/v2\/comments?post=10778"}],"wp:attachment":[{"href":"https:\/\/www.sams-industrie.fr\/en\/wp-json\/wp\/v2\/media?parent=10778"}],"curies":[{"name":"wp","href":"https:\/\/api.w.org\/{rel}","templated":true}]}}