{"id":10776,"date":"2025-02-05T10:01:40","date_gmt":"2025-02-05T09:01:40","guid":{"rendered":"https:\/\/www.sams-industrie.fr\/product\/rondelle-bronze-reference-5\/"},"modified":"2025-02-19T12:02:59","modified_gmt":"2025-02-19T11:02:59","slug":"rondelle-bronze-reference-5","status":"publish","type":"product","link":"https:\/\/www.sams-industrie.fr\/en\/product\/rondelle-bronze-reference-5\/","title":{"rendered":"Bronze washer<br> Reference 3007-5038"},"content":{"rendered":"","protected":false},"excerpt":{"rendered":"<p>RAPIDEX Agrafeuse<br \/> R\u00e9f\u00e9rence constructeur : 3007-5038<br \/> R\u00e9f\u00e9rences \u00e9quivalentes : 30075038 \/ M30075038 \/ RAP30075038<\/p>","protected":false},"featured_media":0,"comment_status":"open","ping_status":"closed","template":"","meta":[],"_links":{"self":[{"href":"https:\/\/www.sams-industrie.fr\/en\/wp-json\/wp\/v2\/product\/10776"}],"collection":[{"href":"https:\/\/www.sams-industrie.fr\/en\/wp-json\/wp\/v2\/product"}],"about":[{"href":"https:\/\/www.sams-industrie.fr\/en\/wp-json\/wp\/v2\/types\/product"}],"replies":[{"embeddable":true,"href":"https:\/\/www.sams-industrie.fr\/en\/wp-json\/wp\/v2\/comments?post=10776"}],"wp:attachment":[{"href":"https:\/\/www.sams-industrie.fr\/en\/wp-json\/wp\/v2\/media?parent=10776"}],"curies":[{"name":"wp","href":"https:\/\/api.w.org\/{rel}","templated":true}]}}