{"id":10775,"date":"2025-02-05T10:01:39","date_gmt":"2025-02-05T09:01:39","guid":{"rendered":"https:\/\/www.sams-industrie.fr\/product\/rondelle-bronze-reference-4\/"},"modified":"2025-02-19T12:02:58","modified_gmt":"2025-02-19T11:02:58","slug":"rondelle-bronze-reference-4","status":"publish","type":"product","link":"https:\/\/www.sams-industrie.fr\/en\/product\/rondelle-bronze-reference-4\/","title":{"rendered":"Bronze washer<br> Reference 3007-5-030 B"},"content":{"rendered":"","protected":false},"excerpt":{"rendered":"<p>RAPIDEX Agrafeuse<br \/> R\u00e9f\u00e9rence constructeur : 3007-5-030 B<br \/> R\u00e9f\u00e9rences \u00e9quivalentes : 30075030B \/ M30075030B \/ RAP30075030B<\/p>","protected":false},"featured_media":0,"comment_status":"open","ping_status":"closed","template":"","meta":[],"_links":{"self":[{"href":"https:\/\/www.sams-industrie.fr\/en\/wp-json\/wp\/v2\/product\/10775"}],"collection":[{"href":"https:\/\/www.sams-industrie.fr\/en\/wp-json\/wp\/v2\/product"}],"about":[{"href":"https:\/\/www.sams-industrie.fr\/en\/wp-json\/wp\/v2\/types\/product"}],"replies":[{"embeddable":true,"href":"https:\/\/www.sams-industrie.fr\/en\/wp-json\/wp\/v2\/comments?post=10775"}],"wp:attachment":[{"href":"https:\/\/www.sams-industrie.fr\/en\/wp-json\/wp\/v2\/media?parent=10775"}],"curies":[{"name":"wp","href":"https:\/\/api.w.org\/{rel}","templated":true}]}}