{"id":10774,"date":"2025-02-05T10:01:39","date_gmt":"2025-02-05T09:01:39","guid":{"rendered":"https:\/\/www.sams-industrie.fr\/product\/bague-reference\/"},"modified":"2025-10-29T16:10:04","modified_gmt":"2025-10-29T15:10:04","slug":"bague-reference","status":"publish","type":"product","link":"https:\/\/www.sams-industrie.fr\/en\/product\/bague-reference\/","title":{"rendered":"Ring<br> Reference GD-201-041"},"content":{"rendered":"","protected":false},"excerpt":{"rendered":"<p>RAPIDEX Agrafeuse<br \/>\nR\u00e9f\u00e9rence constructeur : GD-201-041<br \/>\nR\u00e9f\u00e9rences \u00e9quivalentes : GD201041 \/ MGD201041 \/ RAPGD201041<\/p>","protected":false},"featured_media":11699,"comment_status":"open","ping_status":"closed","template":"","meta":[],"_links":{"self":[{"href":"https:\/\/www.sams-industrie.fr\/en\/wp-json\/wp\/v2\/product\/10774"}],"collection":[{"href":"https:\/\/www.sams-industrie.fr\/en\/wp-json\/wp\/v2\/product"}],"about":[{"href":"https:\/\/www.sams-industrie.fr\/en\/wp-json\/wp\/v2\/types\/product"}],"replies":[{"embeddable":true,"href":"https:\/\/www.sams-industrie.fr\/en\/wp-json\/wp\/v2\/comments?post=10774"}],"wp:featuredmedia":[{"embeddable":true,"href":"https:\/\/www.sams-industrie.fr\/en\/wp-json\/wp\/v2\/media\/11699"}],"wp:attachment":[{"href":"https:\/\/www.sams-industrie.fr\/en\/wp-json\/wp\/v2\/media?parent=10774"}],"curies":[{"name":"wp","href":"https:\/\/api.w.org\/{rel}","templated":true}]}}