{"id":10773,"date":"2025-02-05T10:01:38","date_gmt":"2025-02-05T09:01:38","guid":{"rendered":"https:\/\/www.sams-industrie.fr\/product\/rondelle-bronze-reference-3\/"},"modified":"2025-10-29T16:09:19","modified_gmt":"2025-10-29T15:09:19","slug":"rondelle-bronze-reference-3","status":"publish","type":"product","link":"https:\/\/www.sams-industrie.fr\/en\/product\/rondelle-bronze-reference-3\/","title":{"rendered":"Bronze washer<br> Reference GD-201-045"},"content":{"rendered":"","protected":false},"excerpt":{"rendered":"<p>RAPIDEX Agrafeuse<br \/>\nR\u00e9f\u00e9rence constructeur : GD-201-045<br \/>\nR\u00e9f\u00e9rences \u00e9quivalentes : GD201045 \/ MGD201045 \/ RAPGD201045<\/p>","protected":false},"featured_media":11698,"comment_status":"open","ping_status":"closed","template":"","meta":[],"_links":{"self":[{"href":"https:\/\/www.sams-industrie.fr\/en\/wp-json\/wp\/v2\/product\/10773"}],"collection":[{"href":"https:\/\/www.sams-industrie.fr\/en\/wp-json\/wp\/v2\/product"}],"about":[{"href":"https:\/\/www.sams-industrie.fr\/en\/wp-json\/wp\/v2\/types\/product"}],"replies":[{"embeddable":true,"href":"https:\/\/www.sams-industrie.fr\/en\/wp-json\/wp\/v2\/comments?post=10773"}],"wp:featuredmedia":[{"embeddable":true,"href":"https:\/\/www.sams-industrie.fr\/en\/wp-json\/wp\/v2\/media\/11698"}],"wp:attachment":[{"href":"https:\/\/www.sams-industrie.fr\/en\/wp-json\/wp\/v2\/media?parent=10773"}],"curies":[{"name":"wp","href":"https:\/\/api.w.org\/{rel}","templated":true}]}}