{"id":10771,"date":"2025-02-05T10:01:37","date_gmt":"2025-02-05T09:01:37","guid":{"rendered":"https:\/\/www.sams-industrie.fr\/product\/excentrique-de-commande-droit-reference\/"},"modified":"2025-02-19T12:02:55","modified_gmt":"2025-02-19T11:02:55","slug":"excentrique-de-commande-droit-reference","status":"publish","type":"product","link":"https:\/\/www.sams-industrie.fr\/en\/product\/excentrique-de-commande-droit-reference\/","title":{"rendered":"Excentrique de commande droit<br> R\u00e9f\u00e9rence GF-001-240"},"content":{"rendered":"","protected":false},"excerpt":{"rendered":"<p>RAPIDEX Agrafeuse<br \/> R\u00e9f\u00e9rence constructeur : GF-001-240<br \/> R\u00e9f\u00e9rences \u00e9quivalentes : GF001240 \/ MGF001240 \/ RAPGF001240<\/p>","protected":false},"featured_media":0,"comment_status":"open","ping_status":"closed","template":"","meta":[],"_links":{"self":[{"href":"https:\/\/www.sams-industrie.fr\/en\/wp-json\/wp\/v2\/product\/10771"}],"collection":[{"href":"https:\/\/www.sams-industrie.fr\/en\/wp-json\/wp\/v2\/product"}],"about":[{"href":"https:\/\/www.sams-industrie.fr\/en\/wp-json\/wp\/v2\/types\/product"}],"replies":[{"embeddable":true,"href":"https:\/\/www.sams-industrie.fr\/en\/wp-json\/wp\/v2\/comments?post=10771"}],"wp:attachment":[{"href":"https:\/\/www.sams-industrie.fr\/en\/wp-json\/wp\/v2\/media?parent=10771"}],"curies":[{"name":"wp","href":"https:\/\/api.w.org\/{rel}","templated":true}]}}