{"id":10770,"date":"2025-02-05T10:01:34","date_gmt":"2025-02-05T09:01:34","guid":{"rendered":"https:\/\/www.sams-industrie.fr\/product\/excentrique-conique-de-commande-reference-2\/"},"modified":"2025-02-19T12:02:55","modified_gmt":"2025-02-19T11:02:55","slug":"excentrique-conique-de-commande-reference-2","status":"publish","type":"product","link":"https:\/\/www.sams-industrie.fr\/en\/product\/excentrique-conique-de-commande-reference-2\/","title":{"rendered":"Excentrique conique de commande<br> R\u00e9f\u00e9rence GD-001-566"},"content":{"rendered":"","protected":false},"excerpt":{"rendered":"<p>RAPIDEX Agrafeuse<br \/> R\u00e9f\u00e9rence constructeur : GD-001-566<br \/> R\u00e9f\u00e9rences \u00e9quivalentes : GD001566 \/ MGD001566 \/ RAPGD001566<\/p>","protected":false},"featured_media":0,"comment_status":"open","ping_status":"closed","template":"","meta":[],"_links":{"self":[{"href":"https:\/\/www.sams-industrie.fr\/en\/wp-json\/wp\/v2\/product\/10770"}],"collection":[{"href":"https:\/\/www.sams-industrie.fr\/en\/wp-json\/wp\/v2\/product"}],"about":[{"href":"https:\/\/www.sams-industrie.fr\/en\/wp-json\/wp\/v2\/types\/product"}],"replies":[{"embeddable":true,"href":"https:\/\/www.sams-industrie.fr\/en\/wp-json\/wp\/v2\/comments?post=10770"}],"wp:attachment":[{"href":"https:\/\/www.sams-industrie.fr\/en\/wp-json\/wp\/v2\/media?parent=10770"}],"curies":[{"name":"wp","href":"https:\/\/api.w.org\/{rel}","templated":true}]}}