{"id":10768,"date":"2025-02-05T10:01:32","date_gmt":"2025-02-05T09:01:32","guid":{"rendered":"https:\/\/www.sams-industrie.fr\/product\/clavette-reference-5\/"},"modified":"2025-02-19T12:02:53","modified_gmt":"2025-02-19T11:02:53","slug":"clavette-reference-5","status":"publish","type":"product","link":"https:\/\/www.sams-industrie.fr\/en\/product\/clavette-reference-5\/","title":{"rendered":"Key<br> Reference MAX180-011-057"},"content":{"rendered":"","protected":false},"excerpt":{"rendered":"<p>RAPIDEX Agrafeuse<br \/> R\u00e9f\u00e9rence constructeur : MAX180-011-057<br \/> R\u00e9f\u00e9rences \u00e9quivalentes : AX180011057 \/ MMAX180011057 \/ RAPRAPAX180011057<\/p>","protected":false},"featured_media":0,"comment_status":"open","ping_status":"closed","template":"","meta":[],"_links":{"self":[{"href":"https:\/\/www.sams-industrie.fr\/en\/wp-json\/wp\/v2\/product\/10768"}],"collection":[{"href":"https:\/\/www.sams-industrie.fr\/en\/wp-json\/wp\/v2\/product"}],"about":[{"href":"https:\/\/www.sams-industrie.fr\/en\/wp-json\/wp\/v2\/types\/product"}],"replies":[{"embeddable":true,"href":"https:\/\/www.sams-industrie.fr\/en\/wp-json\/wp\/v2\/comments?post=10768"}],"wp:attachment":[{"href":"https:\/\/www.sams-industrie.fr\/en\/wp-json\/wp\/v2\/media?parent=10768"}],"curies":[{"name":"wp","href":"https:\/\/api.w.org\/{rel}","templated":true}]}}