{"id":10766,"date":"2025-02-05T10:01:31","date_gmt":"2025-02-05T09:01:31","guid":{"rendered":"https:\/\/www.sams-industrie.fr\/product\/rondelle-reference-3\/"},"modified":"2025-11-24T14:33:31","modified_gmt":"2025-11-24T13:33:31","slug":"rondelle-reference-3","status":"publish","type":"product","link":"https:\/\/www.sams-industrie.fr\/en\/product\/rondelle-reference-3\/","title":{"rendered":"Washer<br> Reference R-20-27-40T"},"content":{"rendered":"","protected":false},"excerpt":{"rendered":"<p>RAPIDEX Agrafeuse<br \/>\nR\u00e9f\u00e9rence constructeur : R-20-27-40T<br \/>\nR\u00e9f\u00e9rences \u00e9quivalentes : R202740T \/ MR202740T \/ RAPR202740T<\/p>","protected":false},"featured_media":11756,"comment_status":"open","ping_status":"closed","template":"","meta":[],"_links":{"self":[{"href":"https:\/\/www.sams-industrie.fr\/en\/wp-json\/wp\/v2\/product\/10766"}],"collection":[{"href":"https:\/\/www.sams-industrie.fr\/en\/wp-json\/wp\/v2\/product"}],"about":[{"href":"https:\/\/www.sams-industrie.fr\/en\/wp-json\/wp\/v2\/types\/product"}],"replies":[{"embeddable":true,"href":"https:\/\/www.sams-industrie.fr\/en\/wp-json\/wp\/v2\/comments?post=10766"}],"wp:featuredmedia":[{"embeddable":true,"href":"https:\/\/www.sams-industrie.fr\/en\/wp-json\/wp\/v2\/media\/11756"}],"wp:attachment":[{"href":"https:\/\/www.sams-industrie.fr\/en\/wp-json\/wp\/v2\/media?parent=10766"}],"curies":[{"name":"wp","href":"https:\/\/api.w.org\/{rel}","templated":true}]}}