{"id":10765,"date":"2025-02-05T10:01:30","date_gmt":"2025-02-05T09:01:30","guid":{"rendered":"https:\/\/www.sams-industrie.fr\/product\/lardon-reference\/"},"modified":"2025-02-19T12:02:51","modified_gmt":"2025-02-19T11:02:51","slug":"lardon-reference","status":"publish","type":"product","link":"https:\/\/www.sams-industrie.fr\/en\/product\/lardon-reference\/","title":{"rendered":"Bacon<br> Reference GD-001-009"},"content":{"rendered":"","protected":false},"excerpt":{"rendered":"<p>RAPIDEX Agrafeuse<br \/> R\u00e9f\u00e9rence constructeur : GD-001-009<br \/> R\u00e9f\u00e9rences \u00e9quivalentes : GD001009 \/ MGD001009 \/ RAPGD001009<\/p>","protected":false},"featured_media":0,"comment_status":"open","ping_status":"closed","template":"","meta":[],"_links":{"self":[{"href":"https:\/\/www.sams-industrie.fr\/en\/wp-json\/wp\/v2\/product\/10765"}],"collection":[{"href":"https:\/\/www.sams-industrie.fr\/en\/wp-json\/wp\/v2\/product"}],"about":[{"href":"https:\/\/www.sams-industrie.fr\/en\/wp-json\/wp\/v2\/types\/product"}],"replies":[{"embeddable":true,"href":"https:\/\/www.sams-industrie.fr\/en\/wp-json\/wp\/v2\/comments?post=10765"}],"wp:attachment":[{"href":"https:\/\/www.sams-industrie.fr\/en\/wp-json\/wp\/v2\/media?parent=10765"}],"curies":[{"name":"wp","href":"https:\/\/api.w.org\/{rel}","templated":true}]}}