{"id":10760,"date":"2025-02-05T10:01:27","date_gmt":"2025-02-05T09:01:27","guid":{"rendered":"https:\/\/www.sams-industrie.fr\/product\/plateau-porte-excentrique-reference-2\/"},"modified":"2025-02-19T12:02:47","modified_gmt":"2025-02-19T11:02:47","slug":"plateau-porte-excentrique-reference-2","status":"publish","type":"product","link":"https:\/\/www.sams-industrie.fr\/en\/product\/plateau-porte-excentrique-reference-2\/","title":{"rendered":"Eccentric door tray<br> Reference GD-201-020"},"content":{"rendered":"","protected":false},"excerpt":{"rendered":"<p>RAPIDEX Agrafeuse<br \/> R\u00e9f\u00e9rence constructeur : GD-201-020<br \/> R\u00e9f\u00e9rences \u00e9quivalentes : GD201020 \/ MGD201020 \/ RAPGD201020<\/p>","protected":false},"featured_media":0,"comment_status":"open","ping_status":"closed","template":"","meta":[],"_links":{"self":[{"href":"https:\/\/www.sams-industrie.fr\/en\/wp-json\/wp\/v2\/product\/10760"}],"collection":[{"href":"https:\/\/www.sams-industrie.fr\/en\/wp-json\/wp\/v2\/product"}],"about":[{"href":"https:\/\/www.sams-industrie.fr\/en\/wp-json\/wp\/v2\/types\/product"}],"replies":[{"embeddable":true,"href":"https:\/\/www.sams-industrie.fr\/en\/wp-json\/wp\/v2\/comments?post=10760"}],"wp:attachment":[{"href":"https:\/\/www.sams-industrie.fr\/en\/wp-json\/wp\/v2\/media?parent=10760"}],"curies":[{"name":"wp","href":"https:\/\/api.w.org\/{rel}","templated":true}]}}