{"id":10755,"date":"2025-02-05T10:01:24","date_gmt":"2025-02-05T09:01:24","guid":{"rendered":"https:\/\/www.sams-industrie.fr\/product\/rondelle-coussinet-reference\/"},"modified":"2025-02-19T12:02:44","modified_gmt":"2025-02-19T11:02:44","slug":"rondelle-coussinet-reference","status":"publish","type":"product","link":"https:\/\/www.sams-industrie.fr\/en\/product\/rondelle-coussinet-reference\/","title":{"rendered":"Bearing washer<br> Reference 3007-5-049"},"content":{"rendered":"","protected":false},"excerpt":{"rendered":"<p>RAPIDEX Agrafeuse<br \/> R\u00e9f\u00e9rence constructeur : 3007-5-049<br \/> R\u00e9f\u00e9rences \u00e9quivalentes : 30075049 \/ M30075049 \/ RAP30075049<\/p>","protected":false},"featured_media":0,"comment_status":"open","ping_status":"closed","template":"","meta":[],"_links":{"self":[{"href":"https:\/\/www.sams-industrie.fr\/en\/wp-json\/wp\/v2\/product\/10755"}],"collection":[{"href":"https:\/\/www.sams-industrie.fr\/en\/wp-json\/wp\/v2\/product"}],"about":[{"href":"https:\/\/www.sams-industrie.fr\/en\/wp-json\/wp\/v2\/types\/product"}],"replies":[{"embeddable":true,"href":"https:\/\/www.sams-industrie.fr\/en\/wp-json\/wp\/v2\/comments?post=10755"}],"wp:attachment":[{"href":"https:\/\/www.sams-industrie.fr\/en\/wp-json\/wp\/v2\/media?parent=10755"}],"curies":[{"name":"wp","href":"https:\/\/api.w.org\/{rel}","templated":true}]}}